{"id":24,"date":"2026-03-28T01:31:28","date_gmt":"2026-03-28T01:31:28","guid":{"rendered":"https:\/\/koopgblnederland.com\/about\/"},"modified":"2026-03-28T05:41:35","modified_gmt":"2026-03-28T05:41:35","slug":"uber-uns","status":"publish","type":"page","link":"https:\/\/koopgblnederland.com\/en\/uber-uns\/","title":{"rendered":"About us"},"content":{"rendered":"<div data-elementor-type=\"wp-page\" data-elementor-id=\"24\" class=\"elementor elementor-24\" data-elementor-post-type=\"page\">\n\t\t\t\t\t\t<section class=\"elementor-section elementor-top-section elementor-element elementor-element-6261b25 ct-section-stretched elementor-section-full_width elementor-section-height-default elementor-section-height-default\" data-id=\"6261b25\" data-element_type=\"section\" data-e-type=\"section\" data-settings=\"{&quot;background_background&quot;:&quot;classic&quot;}\">\n\t\t\t\t\t\t<div class=\"elementor-container elementor-column-gap-no\">\n\t\t\t\t\t<div class=\"elementor-column elementor-col-100 elementor-top-column elementor-element elementor-element-4777689\" data-id=\"4777689\" data-element_type=\"column\" data-e-type=\"column\">\n\t\t\t<div class=\"elementor-widget-wrap elementor-element-populated\">\n\t\t\t\t\t\t<div class=\"elementor-element elementor-element-c9ae363 elementor-widget-mobile__width-inherit elementor-widget__width-inherit elementor-widget-tablet__width-initial elementor--h-position-center elementor--v-position-middle elementor-pagination-position-inside elementor-widget elementor-widget-slides\" data-id=\"c9ae363\" data-element_type=\"widget\" data-e-type=\"widget\" data-settings=\"{&quot;navigation&quot;:&quot;dots&quot;,&quot;autoplay&quot;:&quot;yes&quot;,&quot;pause_on_hover&quot;:&quot;yes&quot;,&quot;pause_on_interaction&quot;:&quot;yes&quot;,&quot;autoplay_speed&quot;:5000,&quot;infinite&quot;:&quot;yes&quot;,&quot;transition&quot;:&quot;slide&quot;,&quot;transition_speed&quot;:500}\" data-widget_type=\"slides.default\">\n\t\t\t\t<div class=\"elementor-widget-container\">\n\t\t\t\t\t\t\t\t\t<div class=\"elementor-swiper\">\n\t\t\t\t\t<div class=\"elementor-slides-wrapper elementor-main-swiper swiper\" role=\"region\" aria-roledescription=\"carousel\" aria-label=\"Slides\" dir=\"ltr\" data-animation=\"fadeInUp\">\n\t\t\t\t<div class=\"swiper-wrapper elementor-slides\">\n\t\t\t\t\t\t\t\t\t\t<div class=\"elementor-repeater-item-34ca7c5 swiper-slide\" role=\"group\" aria-roledescription=\"slide\"><div class=\"swiper-slide-bg elementor-ken-burns elementor-ken-burns--in\" role=\"img\"><\/div><div class=\"elementor-background-overlay\"><\/div><div class=\"swiper-slide-inner\" ><div class=\"swiper-slide-contents\"><div class=\"elementor-slide-heading\">About us<\/div><div class=\"elementor-slide-description\">Koop GBL Nederland, uw betrouwbare bron voor producten van hoge kwaliteit, betrouwbare service en een naadloze, veilige online winkelervaring.<\/div><\/div><\/div><\/div>\t\t\t\t<\/div>\n\t\t\t\t\t\t\t<\/div>\n\t\t\t\t<\/div>\n\t\t\t\t\t\t\t\t<\/div>\n\t\t\t\t<\/div>\n\t\t\t\t\t<\/div>\n\t\t<\/div>\n\t\t\t\t\t<\/div>\n\t\t<\/section>\n\t\t<div class=\"elementor-element elementor-element-adf1b2b e-flex e-con-boxed e-con e-parent\" data-id=\"adf1b2b\" data-element_type=\"container\" data-e-type=\"container\">\n\t\t\t\t\t<div class=\"e-con-inner\">\n\t\t\t\t<div class=\"elementor-element elementor-element-ff75f88 elementor-widget elementor-widget-heading\" data-id=\"ff75f88\" data-element_type=\"widget\" data-e-type=\"widget\" data-widget_type=\"heading.default\">\n\t\t\t\t<div class=\"elementor-widget-container\">\n\t\t\t\t\t<h2 class=\"elementor-heading-title elementor-size-default\">Gamma-Butyrolacton (GBL) Felgenreiniger<\/h2>\t\t\t\t<\/div>\n\t\t\t\t<\/div>\n\t\t\t\t<div class=\"elementor-element elementor-element-dd0184e elementor-widget-divider--view-line elementor-widget elementor-widget-divider\" data-id=\"dd0184e\" data-element_type=\"widget\" data-e-type=\"widget\" data-widget_type=\"divider.default\">\n\t\t\t\t<div class=\"elementor-widget-container\">\n\t\t\t\t\t\t\t<div class=\"elementor-divider\">\n\t\t\t<span class=\"elementor-divider-separator\">\n\t\t\t\t\t\t<\/span>\n\t\t<\/div>\n\t\t\t\t\t\t<\/div>\n\t\t\t\t<\/div>\n\t\t\t\t<div class=\"elementor-element elementor-element-bbfaf7a elementor-widget elementor-widget-text-editor\" data-id=\"bbfaf7a\" data-element_type=\"widget\" data-e-type=\"widget\" data-widget_type=\"text-editor.default\">\n\t\t\t\t<div class=\"elementor-widget-container\">\n\t\t\t\t\t\t\t\t\t<p>Gamma-butyrolacton (GBL) is een hygroscopische, kleurloze en olieachtige vloeistof met een lichte karakteristieke geur. Het is goed oplosbaar in water en wordt veel gebruikt als oplosmiddel en reagens binnen de chemische industrie. Daarnaast wordt het toegepast in reinigingsmiddelen, verfverwijderaars en specifieke industri\u00eble processen.<\/p>\t\t\t\t\t\t\t\t<\/div>\n\t\t\t\t<\/div>\n\t\t\t\t\t<\/div>\n\t\t\t\t<\/div>\n\t\t<div class=\"elementor-element elementor-element-3e5868a e-flex e-con-boxed e-con e-parent\" data-id=\"3e5868a\" data-element_type=\"container\" data-e-type=\"container\">\n\t\t\t\t\t<div class=\"e-con-inner\">\n\t\t\t\t<div class=\"elementor-element elementor-element-580c396 elementor-widget elementor-widget-heading\" data-id=\"580c396\" data-element_type=\"widget\" data-e-type=\"widget\" data-widget_type=\"heading.default\">\n\t\t\t\t<div class=\"elementor-widget-container\">\n\t\t\t\t\t<h2 class=\"elementor-heading-title elementor-size-default\">What is Gamma-Butyrolactone?<\/h2>\t\t\t\t<\/div>\n\t\t\t\t<\/div>\n\t\t\t\t<div class=\"elementor-element elementor-element-7140e7b elementor-widget-divider--view-line elementor-widget elementor-widget-divider\" data-id=\"7140e7b\" data-element_type=\"widget\" data-e-type=\"widget\" data-widget_type=\"divider.default\">\n\t\t\t\t<div class=\"elementor-widget-container\">\n\t\t\t\t\t\t\t<div class=\"elementor-divider\">\n\t\t\t<span class=\"elementor-divider-separator\">\n\t\t\t\t\t\t<\/span>\n\t\t<\/div>\n\t\t\t\t\t\t<\/div>\n\t\t\t\t<\/div>\n\t\t\t\t<div class=\"elementor-element elementor-element-f56c5a3 elementor-widget elementor-widget-text-editor\" data-id=\"f56c5a3\" data-element_type=\"widget\" data-e-type=\"widget\" data-widget_type=\"text-editor.default\">\n\t\t\t\t<div class=\"elementor-widget-container\">\n\t\t\t\t\t\t\t\t\t<p>Gamma-butyrolacton is een veelzijdige chemische stof die wordt gebruikt als oplosmiddel, weekmaker en tussenproduct bij de productie van andere chemische verbindingen, zoals N-methyl-2-pyrrolidon (NMP). Het wordt ook toegepast in industri\u00eble productieprocessen, waaronder elektronica, coatings en speciale materialen.<\/p>\t\t\t\t\t\t\t\t<\/div>\n\t\t\t\t<\/div>\n\t\t\t\t\t<\/div>\n\t\t\t\t<\/div>\n\t\t<div class=\"elementor-element elementor-element-e8b5852 e-flex e-con-boxed e-con e-parent\" data-id=\"e8b5852\" data-element_type=\"container\" data-e-type=\"container\">\n\t\t\t\t\t<div class=\"e-con-inner\">\n\t\t\t\t<div class=\"elementor-element elementor-element-6dd0efa elementor-widget elementor-widget-heading\" data-id=\"6dd0efa\" data-element_type=\"widget\" data-e-type=\"widget\" data-widget_type=\"heading.default\">\n\t\t\t\t<div class=\"elementor-widget-container\">\n\t\t\t\t\t<h2 class=\"elementor-heading-title elementor-size-default\">Toepassingen en eigenschappen<\/h2>\t\t\t\t<\/div>\n\t\t\t\t<\/div>\n\t\t\t\t<div class=\"elementor-element elementor-element-0b20692 elementor-widget-divider--view-line elementor-widget elementor-widget-divider\" data-id=\"0b20692\" data-element_type=\"widget\" data-e-type=\"widget\" data-widget_type=\"divider.default\">\n\t\t\t\t<div class=\"elementor-widget-container\">\n\t\t\t\t\t\t\t<div class=\"elementor-divider\">\n\t\t\t<span class=\"elementor-divider-separator\">\n\t\t\t\t\t\t<\/span>\n\t\t<\/div>\n\t\t\t\t\t\t<\/div>\n\t\t\t\t<\/div>\n\t\t\t\t<div class=\"elementor-element elementor-element-ae593a2 elementor-widget elementor-widget-text-editor\" data-id=\"ae593a2\" data-element_type=\"widget\" data-e-type=\"widget\" data-widget_type=\"text-editor.default\">\n\t\t\t\t<div class=\"elementor-widget-container\">\n\t\t\t\t\t\t\t\t\t<p data-start=\"1155\" data-end=\"1194\">GBL wordt voornamelijk gebruikt voor:<\/p><ul data-start=\"1195\" data-end=\"1379\"><li data-section-id=\"fxfgld\" data-start=\"1195\" data-end=\"1246\">Industri\u00eble reiniging en oppervlaktebehandeling<\/li><li data-section-id=\"oz22fw\" data-start=\"1247\" data-end=\"1290\">Oplossen van verf, harsen en lijmresten<\/li><li data-section-id=\"1fc016g\" data-start=\"1291\" data-end=\"1323\">Chemische productieprocessen<\/li><li data-section-id=\"1ctbick\" data-start=\"1324\" data-end=\"1379\">Gebruik in gespecialiseerde technische toepassingen<\/li><\/ul><p data-start=\"1381\" data-end=\"1486\">Dankzij de sterke oploskracht is het een effectief middel voor professionele en industri\u00eble toepassingen.<\/p><hr data-start=\"1488\" data-end=\"1491\" \/><h3 data-section-id=\"11xusjo\" data-start=\"1493\" data-end=\"1529\"><span role=\"text\"><strong data-start=\"1497\" data-end=\"1527\">Aankoop en betrouwbaarheid<\/strong><\/span><\/h3><p data-start=\"1530\" data-end=\"1716\">Wanneer u GBL aanschaft, is het belangrijk om dit te doen via een betrouwbare en gereguleerde leverancier. Zo bent u verzekerd van productkwaliteit en naleving van de geldende wetgeving.<\/p><hr data-start=\"1718\" data-end=\"1721\" \/><h3 data-section-id=\"brb4mj\" data-start=\"1723\" data-end=\"1755\"><span role=\"text\"><strong data-start=\"1727\" data-end=\"1753\">Veilig gebruik van GBL<\/strong><\/span><\/h3><p data-start=\"1756\" data-end=\"1829\">Vanwege de chemische eigenschappen moet GBL zorgvuldig worden gebruikt:<\/p><ul data-start=\"1830\" data-end=\"2057\"><li data-section-id=\"1y9yavw\" data-start=\"1830\" data-end=\"1881\">Gebruik altijd in een goed geventileerde ruimte<\/li><li data-section-id=\"114wie\" data-start=\"1882\" data-end=\"1959\">Draag geschikte beschermingsmiddelen zoals handschoenen en oogbescherming<\/li><li data-section-id=\"1welgkq\" data-start=\"1960\" data-end=\"2003\">Vermijd direct contact met huid en ogen<\/li><li data-section-id=\"178vxj\" data-start=\"2004\" data-end=\"2057\">Buiten bereik van kinderen en onbevoegden bewaren<\/li><\/ul><hr data-start=\"2059\" data-end=\"2062\" \/><h3 data-section-id=\"bopm9g\" data-start=\"2064\" data-end=\"2095\"><span role=\"text\"><strong data-start=\"2068\" data-end=\"2093\">Belangrijke opmerking<\/strong><\/span><\/h3><p data-start=\"2096\" data-end=\"2291\">GBL kan risico\u2019s met zich meebrengen bij onjuist gebruik. Het is uitsluitend bedoeld voor industri\u00eble en professionele toepassingen en moet altijd volgens de geldende regelgeving worden gebruikt.<\/p>\t\t\t\t\t\t\t\t<\/div>\n\t\t\t\t<\/div>\n\t\t\t\t\t<\/div>\n\t\t\t\t<\/div>\n\t\t<div class=\"elementor-element elementor-element-b71044f e-flex e-con-boxed e-con e-parent\" data-id=\"b71044f\" data-element_type=\"container\" data-e-type=\"container\">\n\t\t\t\t\t<div class=\"e-con-inner\">\n\t\t<div class=\"elementor-element elementor-element-b31de1e e-con-full e-flex e-con e-child\" data-id=\"b31de1e\" data-element_type=\"container\" data-e-type=\"container\">\n\t\t\t\t<div class=\"elementor-element elementor-element-a0a4ce7 elementor-widget elementor-widget-image\" data-id=\"a0a4ce7\" data-element_type=\"widget\" data-e-type=\"widget\" data-widget_type=\"image.default\">\n\t\t\t\t<div class=\"elementor-widget-container\">\n\t\t\t\t\t\t\t\t\t\t\t\t\t\t\t<img fetchpriority=\"high\" decoding=\"async\" width=\"555\" height=\"555\" src=\"https:\/\/koopgblnederland.com\/wp-content\/uploads\/2026\/03\/21997.webp\" class=\"attachment-large size-large wp-image-3449\" alt=\"\" srcset=\"https:\/\/koopgblnederland.com\/wp-content\/uploads\/2026\/03\/21997.webp 555w, https:\/\/koopgblnederland.com\/wp-content\/uploads\/2026\/03\/21997-300x300.webp 300w, https:\/\/koopgblnederland.com\/wp-content\/uploads\/2026\/03\/21997-150x150.webp 150w, https:\/\/koopgblnederland.com\/wp-content\/uploads\/2026\/03\/21997-100x100.webp 100w\" sizes=\"(max-width: 555px) 100vw, 555px\" \/>\t\t\t\t\t\t\t\t\t\t\t\t\t\t\t<\/div>\n\t\t\t\t<\/div>\n\t\t\t\t<\/div>\n\t\t<div class=\"elementor-element elementor-element-ffcadb2 e-con-full e-flex e-con e-child\" data-id=\"ffcadb2\" data-element_type=\"container\" data-e-type=\"container\">\n\t\t\t\t<div class=\"elementor-element elementor-element-01fc834 elementor-widget elementor-widget-text-editor\" data-id=\"01fc834\" data-element_type=\"widget\" data-e-type=\"widget\" data-widget_type=\"text-editor.default\">\n\t\t\t\t<div class=\"elementor-widget-container\">\n\t\t\t\t\t\t\t\t\t<p>GBL kann ein n\u00fctzliches industrielles L\u00f6sungs- und Reinigungsmittel sein, wenn es wie vorgeschrieben verwendet wird. Es ist jedoch auch ein starkes Mittel zur Beeinflussung des zentralen Nervensystems, das bei missbr\u00e4uchlicher Verwendung schwere Nebenwirkungen hervorrufen kann. Aus diesem Grund ist es wichtig, GBL nur von einer seri\u00f6sen Quelle zu kaufen und es vorschriftsm\u00e4\u00dfig zu verwenden. Wenn Sie Fragen zur sicheren Verwendung von GBL haben, sollten Sie sich vor der Einnahme unbedingt von einem Arzt beraten lassen.<\/p>\t\t\t\t\t\t\t\t<\/div>\n\t\t\t\t<\/div>\n\t\t\t\t<\/div>\n\t\t\t\t\t<\/div>\n\t\t\t\t<\/div>\n\t\t\t\t<\/div>","protected":false},"excerpt":{"rendered":"<p>\u00dcber unsKoop GBL Nederland, uw betrouwbare bron voor producten van hoge kwaliteit, betrouwbare service en een naadloze, veilige online winkelervaring. Gamma-Butyrolacton (GBL) Felgenreiniger Gamma-butyrolacton (GBL) is een hygroscopische, kleurloze en olieachtige vloeistof met een lichte karakteristieke geur. Het is goed oplosbaar in water en wordt veel gebruikt als oplosmiddel en reagens binnen de chemische industrie. [&hellip;]<\/p>\n","protected":false},"author":1,"featured_media":0,"parent":0,"menu_order":0,"comment_status":"closed","ping_status":"closed","template":"elementor_header_footer","meta":{"footnotes":""},"class_list":["post-24","page","type-page","status-publish","hentry"],"blocksy_meta":[],"yoast_head":"<!-- This site is optimized with the Yoast SEO Premium plugin v26.1 (Yoast SEO v27.3) - https:\/\/yoast.com\/product\/yoast-seo-premium-wordpress\/ -->\n<title>\u00dcber uns - Koop GBL Nederland<\/title>\n<meta name=\"robots\" content=\"index, follow, max-snippet:-1, max-image-preview:large, max-video-preview:-1\" \/>\n<link rel=\"canonical\" href=\"https:\/\/koopgblnederland.com\/en\/uber-uns\/\" \/>\n<meta property=\"og:locale\" content=\"en_US\" \/>\n<meta property=\"og:type\" content=\"article\" \/>\n<meta property=\"og:title\" content=\"\u00dcber uns\" \/>\n<meta property=\"og:description\" content=\"\u00dcber unsKoop GBL Nederland, uw betrouwbare bron voor producten van hoge kwaliteit, betrouwbare service en een naadloze, veilige online winkelervaring. Gamma-Butyrolacton (GBL) Felgenreiniger Gamma-butyrolacton (GBL) is een hygroscopische, kleurloze en olieachtige vloeistof met een lichte karakteristieke geur. Het is goed oplosbaar in water en wordt veel gebruikt als oplosmiddel en reagens binnen de chemische industrie. [&hellip;]\" \/>\n<meta property=\"og:url\" content=\"https:\/\/koopgblnederland.com\/en\/uber-uns\/\" \/>\n<meta property=\"og:site_name\" content=\"Koop GBL Nederland\" \/>\n<meta property=\"article:modified_time\" content=\"2026-03-28T05:41:35+00:00\" \/>\n<meta property=\"og:image\" content=\"https:\/\/koopgblnederland.com\/wp-content\/uploads\/2026\/03\/21997.webp\" \/>\n\t<meta property=\"og:image:width\" content=\"555\" \/>\n\t<meta property=\"og:image:height\" content=\"555\" \/>\n\t<meta property=\"og:image:type\" content=\"image\/webp\" \/>\n<meta name=\"twitter:card\" content=\"summary_large_image\" \/>\n<meta name=\"twitter:label1\" content=\"Est. reading time\" \/>\n\t<meta name=\"twitter:data1\" content=\"2 minutes\" \/>\n<script type=\"application\/ld+json\" class=\"yoast-schema-graph\">{\"@context\":\"https:\\\/\\\/schema.org\",\"@graph\":[{\"@type\":\"WebPage\",\"@id\":\"https:\\\/\\\/koopgblnederland.com\\\/uber-uns\\\/\",\"url\":\"https:\\\/\\\/koopgblnederland.com\\\/uber-uns\\\/\",\"name\":\"\u00dcber uns - Koop GBL Nederland\",\"isPartOf\":{\"@id\":\"https:\\\/\\\/koopgblnederland.com\\\/#website\"},\"primaryImageOfPage\":{\"@id\":\"https:\\\/\\\/koopgblnederland.com\\\/uber-uns\\\/#primaryimage\"},\"image\":{\"@id\":\"https:\\\/\\\/koopgblnederland.com\\\/uber-uns\\\/#primaryimage\"},\"thumbnailUrl\":\"https:\\\/\\\/koopgblnederland.com\\\/wp-content\\\/uploads\\\/2026\\\/03\\\/21997.webp\",\"datePublished\":\"2026-03-28T01:31:28+00:00\",\"dateModified\":\"2026-03-28T05:41:35+00:00\",\"breadcrumb\":{\"@id\":\"https:\\\/\\\/koopgblnederland.com\\\/uber-uns\\\/#breadcrumb\"},\"inLanguage\":\"en-US\",\"potentialAction\":[{\"@type\":\"ReadAction\",\"target\":[\"https:\\\/\\\/koopgblnederland.com\\\/uber-uns\\\/\"]}]},{\"@type\":\"ImageObject\",\"inLanguage\":\"en-US\",\"@id\":\"https:\\\/\\\/koopgblnederland.com\\\/uber-uns\\\/#primaryimage\",\"url\":\"https:\\\/\\\/koopgblnederland.com\\\/wp-content\\\/uploads\\\/2026\\\/03\\\/21997.webp\",\"contentUrl\":\"https:\\\/\\\/koopgblnederland.com\\\/wp-content\\\/uploads\\\/2026\\\/03\\\/21997.webp\"},{\"@type\":\"BreadcrumbList\",\"@id\":\"https:\\\/\\\/koopgblnederland.com\\\/uber-uns\\\/#breadcrumb\",\"itemListElement\":[{\"@type\":\"ListItem\",\"position\":1,\"name\":\"Home\",\"item\":\"https:\\\/\\\/koopgblnederland.com\\\/\"},{\"@type\":\"ListItem\",\"position\":2,\"name\":\"\u00dcber uns\"}]},{\"@type\":\"WebSite\",\"@id\":\"https:\\\/\\\/koopgblnederland.com\\\/#website\",\"url\":\"https:\\\/\\\/koopgblnederland.com\\\/\",\"name\":\"Koop GBL Nederland\",\"description\":\"\",\"publisher\":{\"@id\":\"https:\\\/\\\/koopgblnederland.com\\\/#organization\"},\"potentialAction\":[{\"@type\":\"SearchAction\",\"target\":{\"@type\":\"EntryPoint\",\"urlTemplate\":\"https:\\\/\\\/koopgblnederland.com\\\/?s={search_term_string}\"},\"query-input\":{\"@type\":\"PropertyValueSpecification\",\"valueRequired\":true,\"valueName\":\"search_term_string\"}}],\"inLanguage\":\"en-US\"},{\"@type\":\"Organization\",\"@id\":\"https:\\\/\\\/koopgblnederland.com\\\/#organization\",\"name\":\"Koop GBL Nederland\",\"url\":\"https:\\\/\\\/koopgblnederland.com\\\/\",\"logo\":{\"@type\":\"ImageObject\",\"inLanguage\":\"en-US\",\"@id\":\"https:\\\/\\\/koopgblnederland.com\\\/#\\\/schema\\\/logo\\\/image\\\/\",\"url\":\"https:\\\/\\\/koopgblnederland.com\\\/wp-content\\\/uploads\\\/2026\\\/03\\\/company-logp.png\",\"contentUrl\":\"https:\\\/\\\/koopgblnederland.com\\\/wp-content\\\/uploads\\\/2026\\\/03\\\/company-logp.png\",\"width\":901,\"height\":311,\"caption\":\"Koop GBL Nederland\"},\"image\":{\"@id\":\"https:\\\/\\\/koopgblnederland.com\\\/#\\\/schema\\\/logo\\\/image\\\/\"}}]}<\/script>\n<!-- \/ Yoast SEO Premium plugin. -->","yoast_head_json":{"title":"\u00dcber uns - Koop GBL Nederland","robots":{"index":"index","follow":"follow","max-snippet":"max-snippet:-1","max-image-preview":"max-image-preview:large","max-video-preview":"max-video-preview:-1"},"canonical":"https:\/\/koopgblnederland.com\/en\/uber-uns\/","og_locale":"en_US","og_type":"article","og_title":"\u00dcber uns","og_description":"\u00dcber unsKoop GBL Nederland, uw betrouwbare bron voor producten van hoge kwaliteit, betrouwbare service en een naadloze, veilige online winkelervaring. Gamma-Butyrolacton (GBL) Felgenreiniger Gamma-butyrolacton (GBL) is een hygroscopische, kleurloze en olieachtige vloeistof met een lichte karakteristieke geur. Het is goed oplosbaar in water en wordt veel gebruikt als oplosmiddel en reagens binnen de chemische industrie. [&hellip;]","og_url":"https:\/\/koopgblnederland.com\/en\/uber-uns\/","og_site_name":"Koop GBL Nederland","article_modified_time":"2026-03-28T05:41:35+00:00","og_image":[{"width":555,"height":555,"url":"https:\/\/koopgblnederland.com\/wp-content\/uploads\/2026\/03\/21997.webp","type":"image\/webp"}],"twitter_card":"summary_large_image","twitter_misc":{"Est. reading time":"2 minutes"},"schema":{"@context":"https:\/\/schema.org","@graph":[{"@type":"WebPage","@id":"https:\/\/koopgblnederland.com\/uber-uns\/","url":"https:\/\/koopgblnederland.com\/uber-uns\/","name":"\u00dcber uns - Koop GBL Nederland","isPartOf":{"@id":"https:\/\/koopgblnederland.com\/#website"},"primaryImageOfPage":{"@id":"https:\/\/koopgblnederland.com\/uber-uns\/#primaryimage"},"image":{"@id":"https:\/\/koopgblnederland.com\/uber-uns\/#primaryimage"},"thumbnailUrl":"https:\/\/koopgblnederland.com\/wp-content\/uploads\/2026\/03\/21997.webp","datePublished":"2026-03-28T01:31:28+00:00","dateModified":"2026-03-28T05:41:35+00:00","breadcrumb":{"@id":"https:\/\/koopgblnederland.com\/uber-uns\/#breadcrumb"},"inLanguage":"en-US","potentialAction":[{"@type":"ReadAction","target":["https:\/\/koopgblnederland.com\/uber-uns\/"]}]},{"@type":"ImageObject","inLanguage":"en-US","@id":"https:\/\/koopgblnederland.com\/uber-uns\/#primaryimage","url":"https:\/\/koopgblnederland.com\/wp-content\/uploads\/2026\/03\/21997.webp","contentUrl":"https:\/\/koopgblnederland.com\/wp-content\/uploads\/2026\/03\/21997.webp"},{"@type":"BreadcrumbList","@id":"https:\/\/koopgblnederland.com\/uber-uns\/#breadcrumb","itemListElement":[{"@type":"ListItem","position":1,"name":"Home","item":"https:\/\/koopgblnederland.com\/"},{"@type":"ListItem","position":2,"name":"\u00dcber uns"}]},{"@type":"WebSite","@id":"https:\/\/koopgblnederland.com\/#website","url":"https:\/\/koopgblnederland.com\/","name":"Koop GBL Nederland","description":"","publisher":{"@id":"https:\/\/koopgblnederland.com\/#organization"},"potentialAction":[{"@type":"SearchAction","target":{"@type":"EntryPoint","urlTemplate":"https:\/\/koopgblnederland.com\/?s={search_term_string}"},"query-input":{"@type":"PropertyValueSpecification","valueRequired":true,"valueName":"search_term_string"}}],"inLanguage":"en-US"},{"@type":"Organization","@id":"https:\/\/koopgblnederland.com\/#organization","name":"Koop GBL Nederland","url":"https:\/\/koopgblnederland.com\/","logo":{"@type":"ImageObject","inLanguage":"en-US","@id":"https:\/\/koopgblnederland.com\/#\/schema\/logo\/image\/","url":"https:\/\/koopgblnederland.com\/wp-content\/uploads\/2026\/03\/company-logp.png","contentUrl":"https:\/\/koopgblnederland.com\/wp-content\/uploads\/2026\/03\/company-logp.png","width":901,"height":311,"caption":"Koop GBL Nederland"},"image":{"@id":"https:\/\/koopgblnederland.com\/#\/schema\/logo\/image\/"}}]}},"_hostinger_reach_plugin_has_subscription_block":false,"_hostinger_reach_plugin_is_elementor":false,"_links":{"self":[{"href":"https:\/\/koopgblnederland.com\/en\/wp-json\/wp\/v2\/pages\/24","targetHints":{"allow":["GET"]}}],"collection":[{"href":"https:\/\/koopgblnederland.com\/en\/wp-json\/wp\/v2\/pages"}],"about":[{"href":"https:\/\/koopgblnederland.com\/en\/wp-json\/wp\/v2\/types\/page"}],"author":[{"embeddable":true,"href":"https:\/\/koopgblnederland.com\/en\/wp-json\/wp\/v2\/users\/1"}],"replies":[{"embeddable":true,"href":"https:\/\/koopgblnederland.com\/en\/wp-json\/wp\/v2\/comments?post=24"}],"version-history":[{"count":10,"href":"https:\/\/koopgblnederland.com\/en\/wp-json\/wp\/v2\/pages\/24\/revisions"}],"predecessor-version":[{"id":3519,"href":"https:\/\/koopgblnederland.com\/en\/wp-json\/wp\/v2\/pages\/24\/revisions\/3519"}],"wp:attachment":[{"href":"https:\/\/koopgblnederland.com\/en\/wp-json\/wp\/v2\/media?parent=24"}],"curies":[{"name":"wp","href":"https:\/\/api.w.org\/{rel}","templated":true}]}}